{"id":665,"date":"2018-05-14T10:18:53","date_gmt":"2018-05-14T10:18:53","guid":{"rendered":"https:\/\/www.terranduyar.com\/politica-de-cookies\/"},"modified":"2018-06-07T10:27:18","modified_gmt":"2018-06-07T10:27:18","slug":"politique-de-cookie","status":"publish","type":"page","link":"https:\/\/www.terranduyar.com\/fr\/politique-de-cookie\/","title":{"rendered":"Politique de cookies"},"content":{"rendered":"\n<div class=\"cookie-index\">\n<p><strong>Index:<\/strong><\/p>\n<ol>\n<li><a href=\"#que-son-cookies\">Que sont les cookies?<\/a><\/li>\n<li><a href=\"#tipos-cookies\">Types de cookies<\/a><\/li>\n<li><a href=\"#nuestras-cookies\">Quelle utilisation faisons-nous des cookies?<\/a><\/li>\n<li><a href=\"#deshabilitar-cookies\">D\u00e9sactiver et supprimer les cookies<\/a><\/li>\n<li><a href=\"#aceptacion-politica-cookies\">Acceptation de la politique de cookies<\/a><\/li>\n<\/ol><\/div>\n<h2 id=\"que-son-cookies\">Que sont les cookies?<\/h2>\n<p>Comme la plupart des sites Web, nous stockons parfois de petits fichiers appel\u00e9s <em> cookies <\/ em> sur votre ordinateur. Un cookie est un petit ensemble de donn\u00e9es qu&rsquo;un site Web demande \u00e0 votre navigateur de stocker sur votre ordinateur ou appareil mobile. Les pages n&rsquo;ont pas de \u00ab\u00a0m\u00e9moire\u00a0\u00bb, donc les cookies permettent \u00e0 un site Web de \u00ab\u00a0se souvenir\u00a0\u00bb de vos actions ou pr\u00e9f\u00e9rences (que vous vous soyez identifi\u00e9 ou non, votre langue pr\u00e9f\u00e9r\u00e9e, les options de visualisation &#8230;) au fil du temps, Vous n&rsquo;avez donc pas \u00e0 le refaire lorsque vous revenez sur la page Web ou naviguez d&rsquo;une page \u00e0 l&rsquo;autre.<\/p>\n<p><strong>Les pages Web utilisent des cookies principalement pour les t\u00e2ches suivantes:<\/strong><\/p>\n<ul>\n<li>Identifier les utilisateurs (v\u00e9rifier si un utilisateur est un visiteur r\u00e9current ou un visiteur pour la premi\u00e8re fois, s\u00e9parer les utilisateurs humains des robots des moteurs de recherche &#8230;).<\/li>\n<li>Rappelez-vous les pr\u00e9f\u00e9rences des utilisateurs (telles que la langue, la taille de la police &#8230;).<\/li>\n<li>Aidez les utilisateurs \u00e0 effectuer des t\u00e2ches sans avoir \u00e0 ressaisir les informations lorsque vous naviguez d&rsquo;une page \u00e0 l&rsquo;autre ou que vous revenez sur la page plus tard.<\/li>\n<li>Recueillir des informations sur le comportement des utilisateurs pour \u00e9valuer leur exp\u00e9rience et apporter des am\u00e9liorations au site Web.<\/li>\n<li>Recueillir des informations sur le comportement de l&rsquo;utilisateur pour montrer la publicit\u00e9 pertinente.<\/li>\n<\/ul>\n<p>La plupart des navigateurs acceptent les cookies, mais les utilisateurs peuvent choisir de les rejeter ou de les supprimer des param\u00e8tres de leur navigateur \u00e0 tout moment.<\/p>\n<h2 id=\"tipos-cookies\">Types de cookies<\/h2>\n<p>Un cookie peut \u00eatre class\u00e9 par sa dur\u00e9e et le domaine auquel il appartient:<\/p>\n<p>Pour la dur\u00e9e, un cookie peut \u00eatre:<\/p>\n<ul>\n<li><strong>Un cookie de session: <\/strong> Il est stock\u00e9 dans la m\u00e9moire temporaire de l&rsquo;ordinateur \/ p\u00e9riph\u00e9rique de l&rsquo;utilisateur, et non sur votre disque dur. Il est supprim\u00e9 lorsque l&rsquo;utilisateur ferme le navigateur.<\/li>\n<li><strong>Un cookie persistant: <\/strong> Il est stock\u00e9 sur le disque dur de l&rsquo;ordinateur \/ p\u00e9riph\u00e9rique de l&rsquo;utilisateur et y reste pendant une p\u00e9riode pr\u00e9d\u00e9finie.<\/li>\n<\/ul>\n<p>Quant au domaine auquel ils appartiennent, il y a:<\/p>\n<ul>\n<li><strong>Cookies propres: <\/strong> Ils sont install\u00e9s par le m\u00eame domaine auquel appartient la page visit\u00e9e. La plupart des cookies appartiennent \u00e0 cette cat\u00e9gorie.<\/li>\n<li><strong>Cookies tiers: <\/strong> Ils sont install\u00e9s par un domaine diff\u00e9rent de celui visit\u00e9. Cela peut se produire lorsque la page Web fait r\u00e9f\u00e9rence \u00e0 des services externes \u00e0 votre domaine, par exemple en incluant un pack de Twitter ou en utilisant Facebook ou Disqus comme m\u00e9canisme de commentaire. Une autre utilisation courante des cookies tiers est, dans les strat\u00e9gies de remarketing, lorsqu&rsquo;un utilisateur re\u00e7oit des publicit\u00e9s pertinentes pour des recherches qu&rsquo;il a effectu\u00e9es et des pages qu&rsquo;il a visit\u00e9es dans le pass\u00e9.<\/li>\n<\/ul>\n<h2 id=\"nuestras-cookies\">Quelle utilisation faisons-nous des cookies?<\/h2>\n<ul>\n<li>Nous n&rsquo;utiliserons pas de cookies qui recueillent des informations personnelles par lesquelles vous pouvez \u00eatre identifi\u00e9.<\/li>\n<li>Nous n&rsquo;utiliserons pas les cookies \u00e0 d&rsquo;autres fins que celles sp\u00e9cifi\u00e9es dans cette section.<\/li>\n<li>Certaines fonctionnalit\u00e9s de notre site Web peuvent cesser de fonctionner si vous d\u00e9sactivez les cookies.<\/li>\n<\/ul>\n<p>Voici la liste des cookies que nous utilisons sur notre site:<\/p>\n<table class=\"cookie-table\">\n<thead>\n<tr>\n<th class=\"cookie-col-1\">Cookie<\/th>\n<th class=\"cookie-col-2\">Type<\/th>\n<th class=\"cookie-col-3\">Dur\u00e9e<\/th>\n<th class=\"cookie-col-4\">Description<\/th>\n<\/tr>\n<\/thead>\n<tbody>\n<tr>\n<td class=\"cookie-col-1\"><span class=\"cookie-responsive-header\" aria-hidden=\"true\">&nbsp;<\/span><strong>_ga<\/strong><\/td>\n<td class=\"cookie-col-2\"><span class=\"cookie-responsive-header\" aria-hidden=\"true\">&nbsp;<\/span><\/p>\n<ul>\n<li><strong>Fonction:<\/strong> Analyse du comportement<\/li>\n<li><strong>Persistant: <\/strong> Oui<\/li>\n<li><strong>Domaine: <\/strong>Propre<\/li>\n<\/ul>\n<\/td>\n<td class=\"cookie-col-3\"><span class=\"cookie-responsive-header\" aria-hidden=\"true\">&nbsp;<\/span>2 ans<\/td>\n<td class=\"cookie-col-4\"><span class=\"cookie-responsive-header\" aria-hidden=\"true\">&nbsp;<\/span><\/p>\n<ul>\n<li><strong>Requis par:<\/strong> Google Analytics, un outil qui vous permet d&rsquo;obtenir des statistiques sur la fa\u00e7on dont les utilisateurs interagissent avec le contenu du site Web. Il permet aux propri\u00e9taires des pages Web de proposer des am\u00e9liorations pour le Web.<\/li>\n<li><strong>D\u00e9tails:<\/strong> Ce cookie est utilis\u00e9 pour distinguer l&rsquo;utilisateur des autres visiteurs lorsqu&rsquo;ils entrent sur le site. Il ne collecte aucune donn\u00e9e personnelle permettant d&rsquo;identifier personnellement le visiteur, comme le nom, le num\u00e9ro de t\u00e9l\u00e9phone ou l&rsquo;adresse physique; \u00e0 l&rsquo;exception de l&rsquo;adresse IP de l&rsquo;ordinateur, qui permet au propri\u00e9taire du site d&rsquo;avoir une id\u00e9e de l&rsquo;endroit d&rsquo;o\u00f9 viennent ses visiteurs. Ce type de g\u00e9olocalisation est impr\u00e9cis et ne peut pas \u00eatre utilis\u00e9 pour savoir o\u00f9 se trouve l&rsquo;utilisateur.<\/li>\n<\/ul>\n<\/td>\n<\/tr>\n<tr>\n<td class=\"cookie-col-1\"><span class=\"cookie-responsive-header\" aria-hidden=\"true\">&nbsp;<\/span><strong>_gat<\/strong><\/td>\n<td class=\"cookie-col-2\"><span class=\"cookie-responsive-header\" aria-hidden=\"true\">&nbsp;<\/span><\/p>\n<ul>\n<li><strong>Fonction:<\/strong> Analyse du comportement<\/li>\n<li><strong>Persistant:<\/strong> S\u00ed<\/li>\n<li><strong>Domaine:<\/strong> Propre<\/li>\n<\/ul>\n<\/td>\n<td class=\"cookie-col-3\"><span class=\"cookie-responsive-header\" aria-hidden=\"true\">&nbsp;<\/span>10 minutes<\/td>\n<td class=\"cookie-col-4\"><span class=\"cookie-responsive-header\" aria-hidden=\"true\">&nbsp;<\/span><\/p>\n<ul>\n<li><strong>Requis par:<\/strong> Google Analytics, un outil qui vous permet d&rsquo;obtenir des statistiques sur la fa\u00e7on dont les utilisateurs interagissent avec le contenu du site Web. Il permet aux propri\u00e9taires des pages Web de proposer des am\u00e9liorations pour le Web.<\/li>\n<li><strong>D\u00e9tails:<\/strong> Il est utilis\u00e9 pour limiter le pourcentage de demandes.<\/li>\n<\/ul>\n<\/td>\n<\/tr>\n<tr>\n<td class=\"cookie-col-1\"><span class=\"cookie-responsive-header\" aria-hidden=\"true\">&nbsp;<\/span><strong>viewed_cookie_policy<\/strong><\/td>\n<td class=\"cookie-col-2\"><span class=\"cookie-responsive-header\" aria-hidden=\"true\">&nbsp;<\/span><\/p>\n<ul>\n<li><strong>Fonction:<\/strong> Technique<\/li>\n<li><strong>Persistant:<\/strong> Oui<\/li>\n<li><strong>Domaine:<\/strong> Propre<\/li>\n<\/ul>\n<\/td>\n<td class=\"cookie-col-3\"><span class=\"cookie-responsive-header\" aria-hidden=\"true\">&nbsp;<\/span>1 ann\u00e9e<\/td>\n<td class=\"cookie-col-4\"><span class=\"cookie-responsive-header\" aria-hidden=\"true\">&nbsp;<\/span><\/p>\n<ul>\n<li><strong>Requis par:<\/strong> Cookie Law Info, un plugin Wordpress qui permet de se conformer aux directives des cookies de l&rsquo;UE.<\/li>\n<li><strong>D\u00e9tails:<\/strong> Enregistre que l&rsquo;utilisateur a accept\u00e9 la politique de cookies et cache l&rsquo;avertissement concernant l&rsquo;utilisation de cookies aux utilisateurs qui ont accept\u00e9 la politique de cookies.<\/li>\n<\/ul>\n<\/td>\n<\/tr>\n<tr>\n<td class=\"cookie-col-1\"><span class=\"cookie-responsive-header\" aria-hidden=\"true\">&nbsp;<\/span><strong>wfvt_*<\/strong><\/td>\n<td class=\"cookie-col-3\"><span class=\"cookie-responsive-header\" aria-hidden=\"true\">&nbsp;<\/span><\/p>\n<ul>\n<li><strong>Fonction:<\/strong> Analyse de s\u00e9curit\u00e9<\/li>\n<li><strong>Persistant:<\/strong> Oui<\/li>\n<li><strong>Domaine:<\/strong> Propre<\/li>\n<\/ul>\n<\/td>\n<td class=\"cookie-col-3\"><span class=\"cookie-responsive-header\" aria-hidden=\"true\">&nbsp;<\/span>30 minutes<\/td>\n<td class=\"cookie-col-4\"><span class=\"cookie-responsive-header\" aria-hidden=\"true\">&nbsp;<\/span><\/p>\n<ul>\n<li><strong>Requis par:<\/strong> Fonction WordFence Live Traffic, un plugin de s\u00e9curit\u00e9 WordPress.<\/li>\n<li><strong>D\u00e9tails:<\/strong> Il est utilis\u00e9 pour identifier le m\u00eame utilisateur pendant la dur\u00e9e de sa visite afin de regrouper toutes ses actions. Il permet \u00e0 l&rsquo;option Live Traffic de Wordfence de d\u00e9terminer si une activit\u00e9 suspecte est en cours.<\/li>\n<\/ul>\n<\/td>\n<\/tr>\n<tr>\n<td class=\"cookie-col-1\"><span class=\"cookie-responsive-header\" aria-hidden=\"true\">&nbsp;<\/span><strong>wordfence_verifiedHumans<\/strong><\/td>\n<td class=\"cookie-col-2\"><span class=\"cookie-responsive-header\" aria-hidden=\"true\">&nbsp;<\/span><\/p>\n<ul>\n<li><strong>Fonction:<\/strong> Analyse de s\u00e9curit\u00e9<\/li>\n<li><strong>Persistant:<\/strong> Oui<\/li>\n<li><strong>Domaine:<\/strong> Propre<\/li>\n<\/ul>\n<\/td>\n<td class=\"cookie-col-3\"><span class=\"cookie-responsive-header\" aria-hidden=\"true\">&nbsp;<\/span>24 heures<\/td>\n<td class=\"cookie-col-4\"><span class=\"cookie-responsive-header\" aria-hidden=\"true\">&nbsp;<\/span><\/p>\n<ul>\n<li><strong>Requis par:<\/strong> Fonction WordFence Live Traffic, un plugin de s\u00e9curit\u00e9 WordPress.<\/li>\n<li><strong>D\u00e9tails:<\/strong> Il est utilis\u00e9 pour s\u00e9parer les utilisateurs humains des robots dans l&rsquo;option Wordfence Live Traffic.<\/li>\n<\/ul>\n<\/td>\n<\/tr>\n<tr>\n<td class=\"cookie-col-1\"><span class=\"cookie-responsive-header\" aria-hidden=\"true\">&nbsp;<\/span><strong>_icl_current_language<\/strong><\/td>\n<td class=\"cookie-col-2\"><span class=\"cookie-responsive-header\" aria-hidden=\"true\">&nbsp;<\/span><\/p>\n<ul>\n<li><strong>Fonction:<\/strong> Technique<\/li>\n<li><strong>Persistant:<\/strong> Oui<\/li>\n<li><strong>Domaine:<\/strong> Propre<\/li>\n<\/ul>\n<\/td>\n<td class=\"cookie-col-3\"><span class=\"cookie-responsive-header\" aria-hidden=\"true\">&nbsp;<\/span>24 heures<\/td>\n<td class=\"cookie-col-4\"><span class=\"cookie-responsive-header\" aria-hidden=\"true\">&nbsp;<\/span><\/p>\n<ul>\n<li><strong>Requis par:<\/strong> WPML, un plugin multilingue pour Wordpress.<\/li>\n<li><strong>D\u00e9tails:<\/strong> Stocke la langue pr\u00e9f\u00e9r\u00e9e s\u00e9lectionn\u00e9e par l&rsquo;utilisateur.<\/li>\n<\/ul>\n<\/td>\n<\/tr>\n<\/tbody>\n<\/table>\n<h2 id=\"deshabilitar-cookies\">Comment d\u00e9sactiver et supprimer les cookies<\/h2>\n<p>Vous pouvez supprimer les cookies stock\u00e9s sur votre ordinateur, et la plupart des navigateurs permettent de les configurer pour ne pas les accepter par d\u00e9faut. Cependant, si vous le faites, vous devrez peut-\u00eatre ajuster manuellement vos pr\u00e9f\u00e9rences chaque fois que vous entrerez sur un site Web et que certaines fonctionnalit\u00e9s pourraient cesser de fonctionner.<\/p>\n<p>Nous ne pouvons pas donner d&rsquo;instructions pr\u00e9cises sur la fa\u00e7on de le faire pour chaque navigateur, car ils sont souvent mis \u00e0 jour et les instructions sont rapidement oubli\u00e9es. En r\u00e8gle g\u00e9n\u00e9rale:<\/p>\n<ul>\n<li>Ouvrez le menu principal de votre navigateur. Il est g\u00e9n\u00e9ralement sous un bouton avec une ic\u00f4ne d&rsquo;engrenage (<i class=\"fa fa-cog\"><\/i>) ou de menu (<i class=\"fa fa-bars\"><\/i>).<\/li>\n<li>Trouvez une option appel\u00e9e <em> Outils <\/em>, <em> Param\u00e8tres <\/em> et <em> Options <\/em>.<\/li>\n<li>Dans la fen\u00eatre <em> Outils <\/em> \/ <em> Param\u00e8tres <\/em> \/ <em> Options <\/em>, recherchez un onglet appel\u00e9 <em> Confidentialit\u00e9 <\/em> ou <em> S\u00e9curit\u00e9 <\/em>. Il peut \u00eatre sous un onglet <em> Avanc\u00e9<\/em>.<\/li>\n<li>La configuration des cookies est g\u00e9n\u00e9ralement l\u00e0.<\/li>\n<li>Si vous ne trouvez pas les options de configuration des cookies de votre navigateur, une recherche dans Google qui met <em> \u00ab\u00a0supprimer les cookies (nom de votre navigateur)\u00a0\u00bb <\/em> ou <em> \u00ab\u00a0bloquer les cookies (nom de votre navigateur) \u00ab\u00a0<\/em> envoie g\u00e9n\u00e9ralement des instructions pr\u00e9cises sur les premiers r\u00e9sultats.<\/li>\n<\/ul>\n<h2 id=\"aceptacion-politica-cookies\">Acceptation de la politique de cookies<\/h2>\n<p>Ce site utilise des cookies pour vous offrir une meilleure exp\u00e9rience utilisateur. <strong> Si vous continuez \u00e0 utiliser ce site Web sans modifier la configuration de votre navigateur, vous acceptez implicitement l&rsquo;utilisation de cookies. <\/strong> Vous pouvez modifier les param\u00e8tres <a href=\"#deshabilitar-cookies\"> de votre navigateur pour supprimer ou refuser automatiquement les cookies <\/a> \u00e0 tout moment.<\/p>\n","protected":false},"excerpt":{"rendered":"<p>Index: Que sont les cookies? Types de cookies Quelle utilisation faisons-nous des cookies? D\u00e9sactiver et supprimer les cookies Acceptation de la politique de cookies Que sont les cookies? Comme la plupart des sites Web, nous stockons parfois de petits fichiers appel\u00e9s cookies sur votre ordinateur. Un cookie est un petit ensemble de donn\u00e9es qu&rsquo;un site [&hellip;]<\/p>\n","protected":false},"author":82647,"featured_media":0,"parent":0,"menu_order":0,"comment_status":"closed","ping_status":"closed","template":"page-templates\/template-legal.php","meta":{"footnotes":"","_joinchat":[]},"_links":{"self":[{"href":"https:\/\/www.terranduyar.com\/fr\/wp-json\/wp\/v2\/pages\/665"}],"collection":[{"href":"https:\/\/www.terranduyar.com\/fr\/wp-json\/wp\/v2\/pages"}],"about":[{"href":"https:\/\/www.terranduyar.com\/fr\/wp-json\/wp\/v2\/types\/page"}],"author":[{"embeddable":true,"href":"https:\/\/www.terranduyar.com\/fr\/wp-json\/wp\/v2\/users\/82647"}],"replies":[{"embeddable":true,"href":"https:\/\/www.terranduyar.com\/fr\/wp-json\/wp\/v2\/comments?post=665"}],"version-history":[{"count":3,"href":"https:\/\/www.terranduyar.com\/fr\/wp-json\/wp\/v2\/pages\/665\/revisions"}],"predecessor-version":[{"id":686,"href":"https:\/\/www.terranduyar.com\/fr\/wp-json\/wp\/v2\/pages\/665\/revisions\/686"}],"wp:attachment":[{"href":"https:\/\/www.terranduyar.com\/fr\/wp-json\/wp\/v2\/media?parent=665"}],"curies":[{"name":"wp","href":"https:\/\/api.w.org\/{rel}","templated":true}]}}