{"id":568,"date":"2018-02-06T12:37:19","date_gmt":"2018-02-06T12:37:19","guid":{"rendered":"https:\/\/www.terranduyar.com\/contacto\/"},"modified":"2018-06-07T10:25:14","modified_gmt":"2018-06-07T10:25:14","slug":"contact","status":"publish","type":"page","link":"https:\/\/www.terranduyar.com\/fr\/contact\/","title":{"rendered":"Contact"},"content":{"rendered":"<div role=\"form\" class=\"wpcf7\" id=\"wpcf7-f586-o1\" lang=\"es-ES\" dir=\"ltr\">\n<div class=\"screen-reader-response\"><\/div>\n<form action=\"\/fr\/wp-json\/wp\/v2\/pages\/568#wpcf7-f586-o1\" method=\"post\" class=\"wpcf7-form\" novalidate=\"novalidate\">\n<div style=\"display: none;\">\n<input type=\"hidden\" name=\"_wpcf7\" value=\"586\" \/>\n<input type=\"hidden\" name=\"_wpcf7_version\" value=\"5.1.4\" \/>\n<input type=\"hidden\" name=\"_wpcf7_locale\" value=\"es_ES\" \/>\n<input type=\"hidden\" name=\"_wpcf7_unit_tag\" value=\"wpcf7-f586-o1\" \/>\n<input type=\"hidden\" name=\"_wpcf7_container_post\" value=\"0\" \/>\n<\/div>\n<p><label class=\"screen-reader-text\" for=\"your-name\">Nom<\/label><span class=\"wpcf7-form-control-wrap your-name\"><input type=\"text\" name=\"your-name\" value=\"\" size=\"40\" class=\"wpcf7-form-control wpcf7-text\" aria-invalid=\"false\" placeholder=\"Nom\" \/><\/span><\/p>\n<p class=\"alignleft\"><label class=\"screen-reader-text\" for=\"your-email\">Courrier \u00e9lectronique<\/label><span class=\"wpcf7-form-control-wrap your-email\"><input type=\"email\" name=\"your-email\" value=\"\" size=\"40\" class=\"wpcf7-form-control wpcf7-text wpcf7-email wpcf7-validates-as-required wpcf7-validates-as-email\" aria-required=\"true\" aria-invalid=\"false\" placeholder=\"Courrier \u00e9lectronique\" \/><\/span><\/p>\n<p class=\"alignright\"><label class=\"screen-reader-text\" for=\"your-phone\">T\u00e9l\u00e9phone<\/label><span class=\"wpcf7-form-control-wrap your-phone\"><input type=\"tel\" name=\"your-phone\" value=\"\" size=\"40\" class=\"wpcf7-form-control wpcf7-text wpcf7-tel wpcf7-validates-as-tel\" aria-invalid=\"false\" placeholder=\"T\u00e9l\u00e9phone\" \/><\/span><\/p>\n<p><label class=\"screen-reader-text\" for=\"your-message\">Message<\/label><span class=\"wpcf7-form-control-wrap your-message\"><textarea name=\"your-message\" cols=\"40\" rows=\"3\" class=\"wpcf7-form-control wpcf7-textarea\" aria-invalid=\"false\" placeholder=\"Message\"><\/textarea><\/span><\/p>\n<p><span class=\"wpcf7-form-control-wrap your-consent\"><span class=\"wpcf7-form-control wpcf7-acceptance\"><span class=\"wpcf7-list-item\"><label><input type=\"checkbox\" name=\"your-consent\" value=\"1\" aria-invalid=\"false\" \/><span class=\"wpcf7-list-item-label\">J'ai lu et accepte la <a href=\"https:\/\/www.terranduyar.com\/politica-de-privacidad\/\">politique de confidentialit\u00e9<\/a><\/span><\/label><\/span><\/span><\/span><\/p>\n<ul style=\"margin: 0; list-style: none;\">\n<li><strong>Gestionnaire de donn\u00e9es:<\/strong> FAVENTI JAEN S.L. <\/li>\n<li><strong>But des donn\u00e9es:<\/strong> Envoyer des informations et des communications commerciales.<\/li>\n<li><strong>Droits:<\/strong> Les utilisateurs peuvent limiter, r\u00e9cup\u00e9rer et supprimer leurs informations \u00e0 tout moment.<\/li>\n<\/ul>\n<p><input type=\"submit\" value=\"Envoyer\" class=\"wpcf7-form-control wpcf7-submit woopage-button\" \/><\/p>\n<div class=\"wpcf7-response-output wpcf7-display-none\"><\/div><br \/>\n<\/form><\/div>\n","protected":false},"excerpt":{"rendered":"","protected":false},"author":82647,"featured_media":224,"parent":0,"menu_order":0,"comment_status":"closed","ping_status":"closed","template":"page-templates\/template-contacto.php","meta":{"footnotes":"","_joinchat":[]},"_links":{"self":[{"href":"https:\/\/www.terranduyar.com\/fr\/wp-json\/wp\/v2\/pages\/568"}],"collection":[{"href":"https:\/\/www.terranduyar.com\/fr\/wp-json\/wp\/v2\/pages"}],"about":[{"href":"https:\/\/www.terranduyar.com\/fr\/wp-json\/wp\/v2\/types\/page"}],"author":[{"embeddable":true,"href":"https:\/\/www.terranduyar.com\/fr\/wp-json\/wp\/v2\/users\/82647"}],"replies":[{"embeddable":true,"href":"https:\/\/www.terranduyar.com\/fr\/wp-json\/wp\/v2\/comments?post=568"}],"version-history":[{"count":2,"href":"https:\/\/www.terranduyar.com\/fr\/wp-json\/wp\/v2\/pages\/568\/revisions"}],"predecessor-version":[{"id":588,"href":"https:\/\/www.terranduyar.com\/fr\/wp-json\/wp\/v2\/pages\/568\/revisions\/588"}],"wp:featuredmedia":[{"embeddable":true,"href":"https:\/\/www.terranduyar.com\/fr\/wp-json\/wp\/v2\/media\/224"}],"wp:attachment":[{"href":"https:\/\/www.terranduyar.com\/fr\/wp-json\/wp\/v2\/media?parent=568"}],"curies":[{"name":"wp","href":"https:\/\/api.w.org\/{rel}","templated":true}]}}