{"id":516,"date":"2018-02-13T08:46:39","date_gmt":"2018-02-13T08:46:39","guid":{"rendered":"https:\/\/www.terranduyar.com\/proceso-sostenible\/inequivocamente-sabemos\/"},"modified":"2018-06-07T10:46:05","modified_gmt":"2018-06-07T10:46:05","slug":"que-peut-on-dire-d-autre-que-nous-savons-deja-assurement","status":"publish","type":"page","link":"https:\/\/www.terranduyar.com\/fr\/notre-processus-durable-et-prudent\/que-peut-on-dire-d-autre-que-nous-savons-deja-assurement\/","title":{"rendered":"Que peut-on dire d&rsquo;autre que nous savons d\u00e9j\u00e0 assur\u00e9ment?"},"content":{"rendered":"<p><span class=\"siblings-page-number-in-text\">2. <\/span>En plus des caract\u00e9ristiques inn\u00e9es de la vari\u00e9t\u00e9 Picual, sa r\u00e9colte soign\u00e9e et son processus en faisant le fraisage \u00e0 froid, la Sierra comme milieu, Terra And\u00fayar est le d\u00e9positaire de caract\u00e9ristiques fruit\u00e9es exceptionnelles, intenses, saines, harmonieuses et \u00e9quilibr\u00e9es, malgr\u00e9 son caract\u00e8re hercul\u00e9en, sympt\u00f4me \u00e9vident de sa grandeur.<\/p>\n<p>Pour le degr\u00e9 de maturation dans lequel l&rsquo;olive est r\u00e9colt\u00e9e, en v\u00e9raison comme tout autre fruit. Nous ne la laissons jamais tomber car il est d\u00e9j\u00e0 tard que la pomme m\u00fbre a frapp\u00e9 le sol que vous n&rsquo;avez pas pu l\u2019appr\u00e9cier dans sa splendeur de saveurs. <\/p>\n<p>A travers la zone de culture, dans les montagnes, o\u00f9 l&rsquo;on vient se r\u00e9g\u00e9n\u00e9rer. Dans la Sierra Andujar, au c\u0153ur de la Sierra Morena, nous avons d\u00e9cid\u00e9 de faire na\u00eetre Terra And\u00fayar. <\/p>\n<p>Image Pourcentage des facteurs de conditionnement des caract\u00e9ristiques qualitatives de l&rsquo;huile d&rsquo;olive.<\/p>\n","protected":false},"excerpt":{"rendered":"<p>2. En plus des caract\u00e9ristiques inn\u00e9es de la vari\u00e9t\u00e9 Picual, sa r\u00e9colte soign\u00e9e et son processus en faisant le fraisage \u00e0 froid, la Sierra comme milieu, Terra And\u00fayar est le d\u00e9positaire de caract\u00e9ristiques fruit\u00e9es exceptionnelles, intenses, saines, harmonieuses et \u00e9quilibr\u00e9es, malgr\u00e9 son caract\u00e8re hercul\u00e9en, sympt\u00f4me \u00e9vident de sa grandeur. Pour le degr\u00e9 de maturation dans [&hellip;]<\/p>\n","protected":false},"author":82647,"featured_media":77,"parent":509,"menu_order":2,"comment_status":"closed","ping_status":"closed","template":"page-templates\/template-proceso.php","meta":{"footnotes":"","_joinchat":[]},"_links":{"self":[{"href":"https:\/\/www.terranduyar.com\/fr\/wp-json\/wp\/v2\/pages\/516"}],"collection":[{"href":"https:\/\/www.terranduyar.com\/fr\/wp-json\/wp\/v2\/pages"}],"about":[{"href":"https:\/\/www.terranduyar.com\/fr\/wp-json\/wp\/v2\/types\/page"}],"author":[{"embeddable":true,"href":"https:\/\/www.terranduyar.com\/fr\/wp-json\/wp\/v2\/users\/82647"}],"replies":[{"embeddable":true,"href":"https:\/\/www.terranduyar.com\/fr\/wp-json\/wp\/v2\/comments?post=516"}],"version-history":[{"count":2,"href":"https:\/\/www.terranduyar.com\/fr\/wp-json\/wp\/v2\/pages\/516\/revisions"}],"predecessor-version":[{"id":518,"href":"https:\/\/www.terranduyar.com\/fr\/wp-json\/wp\/v2\/pages\/516\/revisions\/518"}],"up":[{"embeddable":true,"href":"https:\/\/www.terranduyar.com\/fr\/wp-json\/wp\/v2\/pages\/509"}],"wp:featuredmedia":[{"embeddable":true,"href":"https:\/\/www.terranduyar.com\/fr\/wp-json\/wp\/v2\/media\/77"}],"wp:attachment":[{"href":"https:\/\/www.terranduyar.com\/fr\/wp-json\/wp\/v2\/media?parent=516"}],"curies":[{"name":"wp","href":"https:\/\/api.w.org\/{rel}","templated":true}]}}